{"id":1198,"date":"2024-07-21T03:28:13","date_gmt":"2024-07-21T01:28:13","guid":{"rendered":"https:\/\/www.fair-recruiting.com\/?page_id=1198"},"modified":"2024-07-23T14:49:59","modified_gmt":"2024-07-23T12:49:59","slug":"datenschutz","status":"publish","type":"page","link":"https:\/\/www.fair-recruiting.com\/de\/datenschutz\/","title":{"rendered":"Datenschutz"},"content":{"rendered":"<div data-elementor-type=\"wp-page\" data-elementor-id=\"1198\" class=\"elementor elementor-1198\">\n\t\t\t\t<div class=\"elementor-element elementor-element-bb3506d e-flex e-con-boxed e-con e-parent\" data-id=\"bb3506d\" data-element_type=\"container\" data-e-type=\"container\">\n\t\t\t\t\t<div class=\"e-con-inner\">\n\t\t\t\t<div class=\"elementor-element elementor-element-02ec76f elementor-widget elementor-widget-heading\" data-id=\"02ec76f\" data-element_type=\"widget\" data-e-type=\"widget\" data-widget_type=\"heading.default\">\n\t\t\t\t<div class=\"elementor-widget-container\">\n\t\t\t\t\t<h2 class=\"elementor-heading-title elementor-size-default\">Datenschutzhinweise<\/h2>\t\t\t\t<\/div>\n\t\t\t\t<\/div>\n\t\t\t\t<div class=\"elementor-element elementor-element-f94aff9 elementor-widget elementor-widget-heading\" data-id=\"f94aff9\" data-element_type=\"widget\" data-e-type=\"widget\" data-widget_type=\"heading.default\">\n\t\t\t\t<div class=\"elementor-widget-container\">\n\t\t\t\t\t<h2 class=\"elementor-heading-title elementor-size-default\">1. Verantwortlicher<\/h2>\t\t\t\t<\/div>\n\t\t\t\t<\/div>\n\t\t\t\t<div class=\"elementor-element elementor-element-810c828 elementor-widget elementor-widget-text-editor\" data-id=\"810c828\" data-element_type=\"widget\" data-e-type=\"widget\" data-widget_type=\"text-editor.default\">\n\t\t\t\t<div class=\"elementor-widget-container\">\n\t\t\t\t\t\t\t\t\t<p>Die Website wird von Fair Recruiting, L\u00f6rrach (im Folgenden \"Fair Recruiting\" oder \"wir\" genannt) bereitgestellt. Wir sind ein f\u00fcr die Verarbeitung Verantwortlicher im Sinne der EU-Datenschutzgrundverordnung (GDPR).<\/p><p>Unser Datenschutzbeauftragter, Herr Finke, ist unter der oben genannten Anschrift mit dem Zusatz \"z. Hd. des Datenschutzbeauftragten\" oder unter folgender E-Mail-Adresse erreichbar: info@fair-recruiting.com<\/p>\t\t\t\t\t\t\t\t<\/div>\n\t\t\t\t<\/div>\n\t\t\t\t\t<\/div>\n\t\t\t\t<\/div>\n\t\t<div class=\"elementor-element elementor-element-6056ccc e-flex e-con-boxed e-con e-parent\" data-id=\"6056ccc\" data-element_type=\"container\" data-e-type=\"container\">\n\t\t\t\t\t<div class=\"e-con-inner\">\n\t\t\t\t<div class=\"elementor-element elementor-element-791f15e elementor-widget elementor-widget-heading\" data-id=\"791f15e\" data-element_type=\"widget\" data-e-type=\"widget\" data-widget_type=\"heading.default\">\n\t\t\t\t<div class=\"elementor-widget-container\">\n\t\t\t\t\t<h2 class=\"elementor-heading-title elementor-size-default\">2. Welche personenbezogenen Daten sammeln wir?<\/h2>\t\t\t\t<\/div>\n\t\t\t\t<\/div>\n\t\t\t\t<div class=\"elementor-element elementor-element-948a380 elementor-widget elementor-widget-text-editor\" data-id=\"948a380\" data-element_type=\"widget\" data-e-type=\"widget\" data-widget_type=\"text-editor.default\">\n\t\t\t\t<div class=\"elementor-widget-container\">\n\t\t\t\t\t\t\t\t\t<p class=\"Normaltext\">Wir erheben bei der Nutzung der Website durch Sie personenbezogenen Daten, die technisch notwendig von Ihrem Browser an unseren Server \u00fcbermittelt werden, personenbezogene Daten, die Sie uns \u00fcber die Website mitteilen, sowie solche personenbezogenen Daten, die wir durch Cookies erheben (hierzu ausf\u00fchrlich unter Ziffer 4. Cookies).<\/p><p><strong>a) Technisch notwendige Daten<\/strong><\/p><p class=\"Normaltext\">Bei Nutzung der Website erheben und verarbeiten wir technisch notwendige Daten. Dies umfasst insbesondere folgende personenbezogene Daten:<\/p><ul><li class=\"Normaltext\">IP-Adresse<\/li><li class=\"Normaltext\">Datum und Uhrzeit der Anfrage<\/li><li class=\"Normaltext\">Zeitzonendifferenz zur Greenwich Mean Time (GMT)<\/li><li class=\"Normaltext\">Inhalt der Anforderung (konkrete Seite)<\/li><li class=\"Normaltext\">Zugriffsstatus\/HTTP-Statuscode<\/li><li class=\"Normaltext\">jeweils \u00fcbertragene Datenmenge<\/li><li class=\"Normaltext\">Website, von der die Anforderung kommt<\/li><li class=\"Normaltext\">Browser<\/li><li class=\"Normaltext\">Betriebssystem und dessen Oberfl\u00e4che<\/li><li class=\"Normaltext\">Sprache und Version der Browsersoftware.<\/li><\/ul><p class=\"Normaltext\"><strong>b) Von Ihnen \u00fcbermittelte Daten<\/strong><\/p><p class=\"Normaltext\">In einigen Bereichen der Website haben Sie die M\u00f6glichkeit, uns personenbezogene Daten \u00fcber sich selbst mitzuteilen, zum Beispiel \u00fcber das Kontaktformular. Dar\u00fcber hinaus k\u00f6nnen Sie uns personenbezogene Daten zur Verf\u00fcgung stellen, indem Sie uns diese \u00fcber das Bewerberformular zur Verf\u00fcgung stellen.<\/p><p><strong>c) Analyse-Daten<\/strong><\/p><p class=\"Normaltext\">Soweit der Nutzer in das Setzen der entsprechenden Cookies eingewilligt hat, analysiert der Verantwortliche dar\u00fcber hinaus das Verhalten des Nutzers auf der Website.<\/p>\t\t\t\t\t\t\t\t<\/div>\n\t\t\t\t<\/div>\n\t\t\t\t\t<\/div>\n\t\t\t\t<\/div>\n\t\t<div class=\"elementor-element elementor-element-56fbfd9 e-flex e-con-boxed e-con e-parent\" data-id=\"56fbfd9\" data-element_type=\"container\" data-e-type=\"container\">\n\t\t\t\t\t<div class=\"e-con-inner\">\n\t\t\t\t<div class=\"elementor-element elementor-element-f758195 elementor-widget elementor-widget-heading\" data-id=\"f758195\" data-element_type=\"widget\" data-e-type=\"widget\" data-widget_type=\"heading.default\">\n\t\t\t\t<div class=\"elementor-widget-container\">\n\t\t\t\t\t<h2 class=\"elementor-heading-title elementor-size-default\">3. Verwendungszwecke und Rechtsgrundlage<\/h2>\t\t\t\t<\/div>\n\t\t\t\t<\/div>\n\t\t\t\t<div class=\"elementor-element elementor-element-6c7d7d9 elementor-widget elementor-widget-text-editor\" data-id=\"6c7d7d9\" data-element_type=\"widget\" data-e-type=\"widget\" data-widget_type=\"text-editor.default\">\n\t\t\t\t<div class=\"elementor-widget-container\">\n\t\t\t\t\t\t\t\t\t<p class=\"Normaltext\">Wir verarbeiten alle personenbezogenen Daten ausschlie\u00dflich, wenn wir hierzu eine Rechtsgrundlage haben.<\/p><p><strong>a) Berechtigte Interessen<\/strong><\/p><p class=\"Normaltext\">Die technisch notwendigen Daten, welche die Website automatisch bei der Nutzung erhebt, verarbeiten wir, um Ihnen die Website sicher und voll funktionst\u00fcchtig zur Verf\u00fcgung zu stellen. Die Rechtsgrundlage hierf\u00fcr ist Art. 6 Abs. 1 lit. f) DSGVO, die Verarbeitung zur Wahrung unserer berechtigten Interessen. Unser berechtigtes Interesse liegt darin, Ihnen eine sichere und voll funktionsf\u00e4hige Website zur Verf\u00fcgung zu stellen.<\/p><p class=\"Normaltext\">Dar\u00fcber hinaus setzen wir auf der Website einige essentielle Cookies. Die damit verbundene Verarbeitung personenbezogener Daten erfolgt ebenfalls zur Wahrung unserer berechtigten Interessen gem. Art. 6 Abs. 1 lit. f) DSGVO. Die berechtigten Interessen liegen darin, Ihnen die Website und ihre Funktionalit\u00e4ten sicher und voll funktionsf\u00e4hig zur Verf\u00fcgung zu stellen. Mehr dazu finden Sie unter Ziffer 4. Cookies.<\/p><p class=\"Normaltext\">Soweit Sie uns \u00fcber das Kontaktformular auf der Website kontaktieren und keinen Vertrag mit uns abschlie\u00dfen wollen, verarbeiten wir Ihre Daten zur Wahrung unserer und Ihrer berechtigter Interessen gem\u00e4\u00df Art. 6 Abs. 1 lit. f) DSGVO. Die berechtigten Interessen liegen in dem Fall darin, Ihre Kontaktanfrage zu verarbeiten und zu beantworten.<\/p><p><strong>b) Vertragserf\u00fcllung<\/strong><\/p><p class=\"Normaltext\">Soweit Sie uns \u00fcber das Kontaktformular auf der Website Informationen von sich zur Verf\u00fcgung stellen, verarbeiten wir diese zur Anbahnung eines Vertragsverh\u00e4ltnisses gem\u00e4\u00df Art. 6 Abs. 1 lit. b) DSGVO, soweit Ihre Kontaktanfrage auf eine solche Vertragsanbahnung abzielt.<\/p><p class=\"Normaltext\">Ebenso verarbeiten wir personenbezogene Daten von Ihnen zur Vertragserf\u00fcllung gem\u00e4\u00df Art. 6 Abs. 1 lit. b) DSGVO, soweit Sie sich \u00fcber das Bewerberportal auf der Website f\u00fcr die Vermittlung als Talent bewerben.<\/p><p><strong>c) Einwilligung<\/strong><\/p><p class=\"Normaltext\">Soweit Sie durch Nutzung des Kontaktformulars auf der Seite einwilligen, Informationen von Fair Recruiting per E-Mail zu erhalten, verarbeiten wir Ihre Daten auf Grundlage dieser Einwilligung, um Ihnen Informationen \u00fcber Fair Recruiting und seine Projekte per E-Mail zuzusenden. Diese Einwilligung k\u00f6nnen Sie jederzeit mit Wirkung f\u00fcr die Zukunft widerrufen, z.B. \u00fcber die Widerrufsm\u00f6glichkeit in den E-Mails, die Sie von uns erhalten.<\/p><p>Soweit Sie uns im Einwilligungsbanner hierzu Ihre Einwilligung erteilt haben, setzen wir Cookies, um Ihr Verhalten auf der Website zu analysieren und gegebenenfalls zielgenaue Werbung f\u00fcr Sie auszuspielen. Die damit verbundene Verarbeitung Ihrer personenbezogenen Daten ist gem. Art. 6 Abs. 1 lit. a) DSGVO durch Ihre Einwilligung gerechtfertigt. Sie k\u00f6nnen Ihre Einwilligung jederzeit mit Wirkung f\u00fcr die Zukunft unter Ziffer 4. Cookies widerrufen.<\/p>\t\t\t\t\t\t\t\t<\/div>\n\t\t\t\t<\/div>\n\t\t\t\t\t<\/div>\n\t\t\t\t<\/div>\n\t\t<div class=\"elementor-element elementor-element-ebedb44 e-flex e-con-boxed e-con e-parent\" data-id=\"ebedb44\" data-element_type=\"container\" data-e-type=\"container\">\n\t\t\t\t\t<div class=\"e-con-inner\">\n\t\t\t\t<div class=\"elementor-element elementor-element-490e20a elementor-widget elementor-widget-heading\" data-id=\"490e20a\" data-element_type=\"widget\" data-e-type=\"widget\" data-widget_type=\"heading.default\">\n\t\t\t\t<div class=\"elementor-widget-container\">\n\t\t\t\t\t<h2 class=\"elementor-heading-title elementor-size-default\">4. Cookies und andere Technologien<\/h2>\t\t\t\t<\/div>\n\t\t\t\t<\/div>\n\t\t\t\t<div class=\"elementor-element elementor-element-2157710 elementor-widget elementor-widget-text-editor\" data-id=\"2157710\" data-element_type=\"widget\" data-e-type=\"widget\" data-widget_type=\"text-editor.default\">\n\t\t\t\t<div class=\"elementor-widget-container\">\n\t\t\t\t\t\t\t\t\t<p class=\"Normaltext\">Auf der Website verwenden wir sog. Cookies, um den Besuch attraktiv zu gestalten und bestimmte Funktionen zu erm\u00f6glichen. Cookies sind kleine Textdateien, die in Ihrem Browser abgelegt werden und die es uns erm\u00f6glichen, Sie als Nutzer zu identifizieren.<\/p>\t\t\t\t\t\t\t\t<\/div>\n\t\t\t\t<\/div>\n\t\t\t\t\t<\/div>\n\t\t\t\t<\/div>\n\t\t<div class=\"elementor-element elementor-element-caf9e85 e-flex e-con-boxed e-con e-parent\" data-id=\"caf9e85\" data-element_type=\"container\" data-e-type=\"container\">\n\t\t\t\t\t<div class=\"e-con-inner\">\n\t\t\t\t<div class=\"elementor-element elementor-element-bcb52a7 elementor-widget elementor-widget-heading\" data-id=\"bcb52a7\" data-element_type=\"widget\" data-e-type=\"widget\" data-widget_type=\"heading.default\">\n\t\t\t\t<div class=\"elementor-widget-container\">\n\t\t\t\t\t<h2 class=\"elementor-heading-title elementor-size-default\">5. Aufbewahrungsfrist<\/h2>\t\t\t\t<\/div>\n\t\t\t\t<\/div>\n\t\t\t\t<div class=\"elementor-element elementor-element-c4f1e56 elementor-widget elementor-widget-text-editor\" data-id=\"c4f1e56\" data-element_type=\"widget\" data-e-type=\"widget\" data-widget_type=\"text-editor.default\">\n\t\t\t\t<div class=\"elementor-widget-container\">\n\t\t\t\t\t\t\t\t\t<p class=\"Normaltext\">Wir speichern Daten so lange, wie dies gesetzlich notwendig oder erlaubt ist oder zur Erbringung der von Ihnen angeforderten Dienstleistung erforderlich ist oder in einer entsprechenden Einwilligung festgelegt wurde oder bis eine Einwilligung, auf die wir die Verarbeitung st\u00fctzten, widerrufen wurde.<\/p>\t\t\t\t\t\t\t\t<\/div>\n\t\t\t\t<\/div>\n\t\t\t\t<div class=\"elementor-element elementor-element-c5bd19d elementor-widget elementor-widget-heading\" data-id=\"c5bd19d\" data-element_type=\"widget\" data-e-type=\"widget\" data-widget_type=\"heading.default\">\n\t\t\t\t<div class=\"elementor-widget-container\">\n\t\t\t\t\t<h2 class=\"elementor-heading-title elementor-size-default\">6. Ihre Rechte<\/h2>\t\t\t\t<\/div>\n\t\t\t\t<\/div>\n\t\t\t\t\t<\/div>\n\t\t\t\t<\/div>\n\t\t<div class=\"elementor-element elementor-element-0926942 e-grid e-con-boxed e-con e-parent\" data-id=\"0926942\" data-element_type=\"container\" data-e-type=\"container\">\n\t\t\t\t\t<div class=\"e-con-inner\">\n\t\t\t\t<div class=\"elementor-element elementor-element-36667d0 elementor-widget elementor-widget-text-editor\" data-id=\"36667d0\" data-element_type=\"widget\" data-e-type=\"widget\" data-widget_type=\"text-editor.default\">\n\t\t\t\t<div class=\"elementor-widget-container\">\n\t\t\t\t\t\t\t\t\t<p class=\"Normaltext\">Sie haben nach der DSGVO eine Reihe von Rechten in Bezug auf die Verarbeitung Ihrer personenbezogenen Daten:<\/p>\n<ul>\n<li class=\"Normaltext\">Auskunft \u00fcber gespeicherte Daten (Art. 15 DSGVO);<\/li>\n<li class=\"Normaltext\">Berichtigung unrichtiger Daten (Art. 16 DSGVO);<\/li>\n<li class=\"Normaltext\">L\u00f6schung von Daten (unter den Voraussetzungen des Art. 17 DSGVO);<\/li>\n<li class=\"Normaltext\">Einschr\u00e4nkung der Verarbeitung (Art. 18 DSGVO);<\/li>\n<li class=\"Normaltext\">Daten\u00fcbertragbarkeit nach Art. 20 DSGVO; und<\/li>\n<li class=\"Normaltext\">Widerspruch gegen die Verarbeitung, soweit diese zur Wahrung berechtigter Interessen erfolgt (Art. 21 DSGVO).<\/li>\n<\/ul>\n<p class=\"Normaltext\">Sie k\u00f6nnen Ihre Rechte unter den oben angegebenen Kontaktdaten wahrnehmen. Sie haben auch das Recht, sich bei der zust\u00e4ndigen Datenschutzaufsichtsbeh\u00f6rde \u00fcber die Verarbeitung Ihrer Daten zu beschweren.&nbsp;<\/p>\t\t\t\t\t\t\t\t<\/div>\n\t\t\t\t<\/div>\n\t\t\t\t\t<\/div>\n\t\t\t\t<\/div>\n\t\t<div class=\"elementor-element elementor-element-750a61d e-con-full e-flex e-con e-parent\" data-id=\"750a61d\" data-element_type=\"container\" data-e-type=\"container\">\n\t\t\t\t<\/div>\n\t\t\t\t<\/div>","protected":false},"excerpt":{"rendered":"<p>Pol\u00edtica de Privacidade 1. Respons\u00e1vel A p\u00e1gina \u00e9 fornecida pela Fair Recruiting, L\u00f6rrach\u00a0(doravante referida como &#8220;Fair Recruiting&#8221; ou &#8220;n\u00f3s&#8221;). Somos um controlador na acep\u00e7\u00e3o do Regulamento Geral de Prote\u00e7\u00e3o de Dados da UE (RGPD). Nosso respons\u00e1vel pela prote\u00e7\u00e3o de dados, Sr. Finke, pode ser contactado pelo endere\u00e7o acima com a inscri\u00e7\u00e3o &#8220;aos cuidados do encarregado [&hellip;]<\/p>\n","protected":false},"author":1,"featured_media":0,"parent":0,"menu_order":0,"comment_status":"closed","ping_status":"closed","template":"elementor_header_footer","meta":{"site-sidebar-layout":"no-sidebar","site-content-layout":"","ast-site-content-layout":"full-width-container","site-content-style":"default","site-sidebar-style":"default","ast-global-header-display":"","ast-banner-title-visibility":"","ast-main-header-display":"","ast-hfb-above-header-display":"","ast-hfb-below-header-display":"","ast-hfb-mobile-header-display":"","site-post-title":"disabled","ast-breadcrumbs-content":"","ast-featured-img":"disabled","footer-sml-layout":"","theme-transparent-header-meta":"","adv-header-id-meta":"","stick-header-meta":"","header-above-stick-meta":"","header-main-stick-meta":"","header-below-stick-meta":"","astra-migrate-meta-layouts":"default","ast-page-background-enabled":"default","ast-page-background-meta":{"desktop":{"background-color":"var(--ast-global-color-4)","background-image":"","background-repeat":"repeat","background-position":"center center","background-size":"auto","background-attachment":"scroll","background-type":"","background-media":"","overlay-type":"","overlay-color":"","overlay-opacity":"","overlay-gradient":""},"tablet":{"background-color":"","background-image":"","background-repeat":"repeat","background-position":"center center","background-size":"auto","background-attachment":"scroll","background-type":"","background-media":"","overlay-type":"","overlay-color":"","overlay-opacity":"","overlay-gradient":""},"mobile":{"background-color":"","background-image":"","background-repeat":"repeat","background-position":"center center","background-size":"auto","background-attachment":"scroll","background-type":"","background-media":"","overlay-type":"","overlay-color":"","overlay-opacity":"","overlay-gradient":""}},"ast-content-background-meta":{"desktop":{"background-color":"var(--ast-global-color-5)","background-image":"","background-repeat":"repeat","background-position":"center center","background-size":"auto","background-attachment":"scroll","background-type":"","background-media":"","overlay-type":"","overlay-color":"","overlay-opacity":"","overlay-gradient":""},"tablet":{"background-color":"var(--ast-global-color-5)","background-image":"","background-repeat":"repeat","background-position":"center center","background-size":"auto","background-attachment":"scroll","background-type":"","background-media":"","overlay-type":"","overlay-color":"","overlay-opacity":"","overlay-gradient":""},"mobile":{"background-color":"var(--ast-global-color-5)","background-image":"","background-repeat":"repeat","background-position":"center center","background-size":"auto","background-attachment":"scroll","background-type":"","background-media":"","overlay-type":"","overlay-color":"","overlay-opacity":"","overlay-gradient":""}},"_joinchat":[],"footnotes":""},"class_list":["post-1198","page","type-page","status-publish","hentry"],"_links":{"self":[{"href":"https:\/\/www.fair-recruiting.com\/de\/wp-json\/wp\/v2\/pages\/1198","targetHints":{"allow":["GET"]}}],"collection":[{"href":"https:\/\/www.fair-recruiting.com\/de\/wp-json\/wp\/v2\/pages"}],"about":[{"href":"https:\/\/www.fair-recruiting.com\/de\/wp-json\/wp\/v2\/types\/page"}],"author":[{"embeddable":true,"href":"https:\/\/www.fair-recruiting.com\/de\/wp-json\/wp\/v2\/users\/1"}],"replies":[{"embeddable":true,"href":"https:\/\/www.fair-recruiting.com\/de\/wp-json\/wp\/v2\/comments?post=1198"}],"version-history":[{"count":28,"href":"https:\/\/www.fair-recruiting.com\/de\/wp-json\/wp\/v2\/pages\/1198\/revisions"}],"predecessor-version":[{"id":1368,"href":"https:\/\/www.fair-recruiting.com\/de\/wp-json\/wp\/v2\/pages\/1198\/revisions\/1368"}],"wp:attachment":[{"href":"https:\/\/www.fair-recruiting.com\/de\/wp-json\/wp\/v2\/media?parent=1198"}],"curies":[{"name":"wp","href":"https:\/\/api.w.org\/{rel}","templated":true}]}}