{"id":1198,"date":"2024-07-21T03:28:13","date_gmt":"2024-07-21T01:28:13","guid":{"rendered":"https:\/\/www.fair-recruiting.com\/?page_id=1198"},"modified":"2024-07-23T14:49:59","modified_gmt":"2024-07-23T12:49:59","slug":"datenschutz","status":"publish","type":"page","link":"https:\/\/www.fair-recruiting.com\/es\/datenschutz\/","title":{"rendered":"Datenschutz"},"content":{"rendered":"<div data-elementor-type=\"wp-page\" data-elementor-id=\"1198\" class=\"elementor elementor-1198\">\n\t\t\t\t<div class=\"elementor-element elementor-element-bb3506d e-flex e-con-boxed e-con e-parent\" data-id=\"bb3506d\" data-element_type=\"container\" data-e-type=\"container\">\n\t\t\t\t\t<div class=\"e-con-inner\">\n\t\t\t\t<div class=\"elementor-element elementor-element-02ec76f elementor-widget elementor-widget-heading\" data-id=\"02ec76f\" data-element_type=\"widget\" data-e-type=\"widget\" data-widget_type=\"heading.default\">\n\t\t\t\t<div class=\"elementor-widget-container\">\n\t\t\t\t\t<h2 class=\"elementor-heading-title elementor-size-default\">Pol\u00edtica de privacidad<\/h2>\t\t\t\t<\/div>\n\t\t\t\t<\/div>\n\t\t\t\t<div class=\"elementor-element elementor-element-f94aff9 elementor-widget elementor-widget-heading\" data-id=\"f94aff9\" data-element_type=\"widget\" data-e-type=\"widget\" data-widget_type=\"heading.default\">\n\t\t\t\t<div class=\"elementor-widget-container\">\n\t\t\t\t\t<h2 class=\"elementor-heading-title elementor-size-default\">1. Responsable<\/h2>\t\t\t\t<\/div>\n\t\t\t\t<\/div>\n\t\t\t\t<div class=\"elementor-element elementor-element-810c828 elementor-widget elementor-widget-text-editor\" data-id=\"810c828\" data-element_type=\"widget\" data-e-type=\"widget\" data-widget_type=\"text-editor.default\">\n\t\t\t\t<div class=\"elementor-widget-container\">\n\t\t\t\t\t\t\t\t\t<p>El sitio web es proporcionado por Fair Recruiting, L\u00f6rrach (en lo sucesivo, \u00abFair Recruiting\u00bb o \u00abnosotros\u00bb). Somos un controlador en el sentido del Reglamento General de Protecci\u00f3n de Datos de la UE (GDPR).<\/p><p>Puede ponerse en contacto con nuestro responsable de protecci\u00f3n de datos, el Sr. Finke, en la direcci\u00f3n arriba indicada \u00abAttn Data Protection Officer\u00bb o en la siguiente direcci\u00f3n de correo electr\u00f3nico: info@fair-recruiting.com<\/p>\t\t\t\t\t\t\t\t<\/div>\n\t\t\t\t<\/div>\n\t\t\t\t\t<\/div>\n\t\t\t\t<\/div>\n\t\t<div class=\"elementor-element elementor-element-6056ccc e-flex e-con-boxed e-con e-parent\" data-id=\"6056ccc\" data-element_type=\"container\" data-e-type=\"container\">\n\t\t\t\t\t<div class=\"e-con-inner\">\n\t\t\t\t<div class=\"elementor-element elementor-element-791f15e elementor-widget elementor-widget-heading\" data-id=\"791f15e\" data-element_type=\"widget\" data-e-type=\"widget\" data-widget_type=\"heading.default\">\n\t\t\t\t<div class=\"elementor-widget-container\">\n\t\t\t\t\t<h2 class=\"elementor-heading-title elementor-size-default\">2. \u00bfQu\u00e9 datos personales recogemos?<\/h2>\t\t\t\t<\/div>\n\t\t\t\t<\/div>\n\t\t\t\t<div class=\"elementor-element elementor-element-948a380 elementor-widget elementor-widget-text-editor\" data-id=\"948a380\" data-element_type=\"widget\" data-e-type=\"widget\" data-widget_type=\"text-editor.default\">\n\t\t\t\t<div class=\"elementor-widget-container\">\n\t\t\t\t\t\t\t\t\t<p class=\"Normaltext\">Al utilizar el sitio web, recopilamos los datos personales que se transmiten desde su navegador a nuestro servidor de forma t\u00e9cnicamente necesaria, los datos personales proporcionados a trav\u00e9s del sitio web, as\u00ed como los datos personales recopilados a trav\u00e9s de cookies (v\u00e9ase la secci\u00f3n 4 para m\u00e1s detalles: Cookies).<\/p><p><strong>a) Datos t\u00e9cnicamente necesarios<\/strong><\/p><p class=\"Normaltext\">Mediante el uso del sitio web, recopilamos y procesamos datos t\u00e9cnicamente necesarios. Esto incluye, en particular, los siguientes datos personales:<\/p><ul><li class=\"Normaltext\">Direcci\u00f3n IP<\/li><li class=\"Normaltext\">Fecha y hora de la solicitud<\/li><li class=\"Normaltext\">Diferencia horaria con respecto a la hora del meridiano de Greenwich (GMT)<\/li><li class=\"Normaltext\">Contenido de la solicitud (p\u00e1gina espec\u00edfica)<\/li><li class=\"Normaltext\">Estado de acceso\/c\u00f3digo de estado HTTP<\/li><li class=\"Normaltext\">Cantidad de datos transferidos en cada caso<\/li><li class=\"Normaltext\">P\u00e1gina de origen de la solicitud<\/li><li class=\"Normaltext\">Navegador<\/li><li class=\"Normaltext\">Sistema operativo y su interfaz<\/li><li class=\"Normaltext\">Idioma y versi\u00f3n del software del navegador<\/li><\/ul><p class=\"Normaltext\"><strong>b) Informaci\u00f3n que nos env\u00eda<\/strong><\/p><p class=\"Normaltext\">En algunas zonas del sitio web, puede facilitarnos informaci\u00f3n personal sobre usted, por ejemplo, utilizando el formulario de contacto. Adem\u00e1s, puede proporcionarnos datos personales poni\u00e9ndolos a nuestra disposici\u00f3n a trav\u00e9s del formulario de candidatura.<\/p><p><strong>c) An\u00e1lisis de datos<\/strong><\/p><p class=\"Normaltext\">En la medida en que el usuario haya dado su consentimiento para la instalaci\u00f3n de las cookies correspondientes, el responsable del tratamiento tambi\u00e9n analiza el comportamiento del usuario en el sitio web.<\/p>\t\t\t\t\t\t\t\t<\/div>\n\t\t\t\t<\/div>\n\t\t\t\t\t<\/div>\n\t\t\t\t<\/div>\n\t\t<div class=\"elementor-element elementor-element-56fbfd9 e-flex e-con-boxed e-con e-parent\" data-id=\"56fbfd9\" data-element_type=\"container\" data-e-type=\"container\">\n\t\t\t\t\t<div class=\"e-con-inner\">\n\t\t\t\t<div class=\"elementor-element elementor-element-f758195 elementor-widget elementor-widget-heading\" data-id=\"f758195\" data-element_type=\"widget\" data-e-type=\"widget\" data-widget_type=\"heading.default\">\n\t\t\t\t<div class=\"elementor-widget-container\">\n\t\t\t\t\t<h2 class=\"elementor-heading-title elementor-size-default\">3. Fines y fundamento jur\u00eddico<\/h2>\t\t\t\t<\/div>\n\t\t\t\t<\/div>\n\t\t\t\t<div class=\"elementor-element elementor-element-6c7d7d9 elementor-widget elementor-widget-text-editor\" data-id=\"6c7d7d9\" data-element_type=\"widget\" data-e-type=\"widget\" data-widget_type=\"text-editor.default\">\n\t\t\t\t<div class=\"elementor-widget-container\">\n\t\t\t\t\t\t\t\t\t<p class=\"Normaltext\">S\u00f3lo tratamos los datos personales si tenemos una base jur\u00eddica para hacerlo.<\/p><p><strong>a) Intereses leg\u00edtimos<\/strong><\/p><p class=\"Normaltext\">Procesamos los datos t\u00e9cnicamente necesarios recogidos autom\u00e1ticamente por el sitio web durante su uso con el fin de proporcionar el sitio web de una manera segura y totalmente funcional. La base jur\u00eddica para ello es el Art. 6 p\u00e1rrafo 1 lit. f GDPR, procesamiento con el fin de salvaguardar nuestros intereses leg\u00edtimos. Nuestro inter\u00e9s leg\u00edtimo es ofrecerle un sitio web seguro y plenamente funcional.<\/p><p class=\"Normaltext\">Adem\u00e1s, hemos instalado algunas cookies esenciales en el sitio web. El tratamiento relacionado de los datos personales tambi\u00e9n se lleva a cabo para salvaguardar nuestros intereses leg\u00edtimos de conformidad con el Art. 6 p\u00e1rrafo 1 lit. f GDPR. Los intereses leg\u00edtimos son la provisi\u00f3n del sitio web y sus funcionalidades de una manera segura y completamente funcional. Para m\u00e1s informaci\u00f3n, v\u00e9ase la secci\u00f3n 4 Cookies.<\/p><p class=\"Normaltext\">Si se pone en contacto con nosotros a trav\u00e9s del formulario de contacto de la p\u00e1gina y no desea celebrar un contrato con nosotros, procesaremos sus datos para proteger nuestros intereses leg\u00edtimos y los suyos propios, de conformidad con el art. 6, apdo. 1, letra f) del RGPD. En este caso, los intereses leg\u00edtimos son procesar y responder a su solicitud de contacto.<\/p><p><strong>b) Ejecuci\u00f3n del contrato<\/strong><\/p><p class=\"Normaltext\">En la medida en que nos facilite informaci\u00f3n sobre usted a trav\u00e9s del formulario de contacto del sitio web, la procesaremos con el fin de entablar una relaci\u00f3n contractual de conformidad con el art. 6, apdo. 1, letra b) del RGPD, en la medida en que su solicitud de contacto tenga por objeto el inicio de dicho contrato.<\/p><p class=\"Normaltext\">Tambi\u00e9n trataremos sus datos personales para la ejecuci\u00f3n del contrato de conformidad con el art\u00edculo 6, apartado 1, letra b) del RGPD, en la medida en que solicite un puesto de trabajo a trav\u00e9s del portal de candidatos del sitio web.<\/p><p><strong>c) Consentimiento<\/strong><\/p><p class=\"Normaltext\">En la medida en que consienta en recibir informaci\u00f3n de Fair Recruiting por correo electr\u00f3nico utilizando el formulario de contacto de la p\u00e1gina, procesaremos sus datos sobre la base de este consentimiento para enviarle informaci\u00f3n sobre Fair Recruiting y sus proyectos por correo electr\u00f3nico. Puede revocar este consentimiento en cualquier momento con efecto para el futuro, por ejemplo utilizando la opci\u00f3n de revocaci\u00f3n en los correos electr\u00f3nicos que reciba de nosotros.<\/p><p>Si nos ha dado su consentimiento para ello en el banner de consentimiento, instalaremos cookies para analizar su comportamiento en la p\u00e1gina y, si es necesario, mostrarle publicidad dirigida. El tratamiento asociado de sus datos personales est\u00e1 justificado por su consentimiento de conformidad con el art. 6 p\u00e1rr. 1 lit. a GDPR. Puede revocar su consentimiento en cualquier momento, con efecto para el futuro, de conformidad con la secci\u00f3n 4. Revocaci\u00f3n de cookies.<\/p>\t\t\t\t\t\t\t\t<\/div>\n\t\t\t\t<\/div>\n\t\t\t\t\t<\/div>\n\t\t\t\t<\/div>\n\t\t<div class=\"elementor-element elementor-element-ebedb44 e-flex e-con-boxed e-con e-parent\" data-id=\"ebedb44\" data-element_type=\"container\" data-e-type=\"container\">\n\t\t\t\t\t<div class=\"e-con-inner\">\n\t\t\t\t<div class=\"elementor-element elementor-element-490e20a elementor-widget elementor-widget-heading\" data-id=\"490e20a\" data-element_type=\"widget\" data-e-type=\"widget\" data-widget_type=\"heading.default\">\n\t\t\t\t<div class=\"elementor-widget-container\">\n\t\t\t\t\t<h2 class=\"elementor-heading-title elementor-size-default\">4. Cookies y otras tecnolog\u00edas<\/h2>\t\t\t\t<\/div>\n\t\t\t\t<\/div>\n\t\t\t\t<div class=\"elementor-element elementor-element-2157710 elementor-widget elementor-widget-text-editor\" data-id=\"2157710\" data-element_type=\"widget\" data-e-type=\"widget\" data-widget_type=\"text-editor.default\">\n\t\t\t\t<div class=\"elementor-widget-container\">\n\t\t\t\t\t\t\t\t\t<p class=\"Normaltext\">En el sitio web utilizamos las denominadas cookies para que su visita resulte atractiva y para habilitar determinadas funciones. Las cookies son peque\u00f1os archivos de texto que se colocan en su navegador y que nos permiten identificarle como usuario.<\/p>\t\t\t\t\t\t\t\t<\/div>\n\t\t\t\t<\/div>\n\t\t\t\t\t<\/div>\n\t\t\t\t<\/div>\n\t\t<div class=\"elementor-element elementor-element-caf9e85 e-flex e-con-boxed e-con e-parent\" data-id=\"caf9e85\" data-element_type=\"container\" data-e-type=\"container\">\n\t\t\t\t\t<div class=\"e-con-inner\">\n\t\t\t\t<div class=\"elementor-element elementor-element-bcb52a7 elementor-widget elementor-widget-heading\" data-id=\"bcb52a7\" data-element_type=\"widget\" data-e-type=\"widget\" data-widget_type=\"heading.default\">\n\t\t\t\t<div class=\"elementor-widget-container\">\n\t\t\t\t\t<h2 class=\"elementor-heading-title elementor-size-default\">5. Periodo de conservaci\u00f3n<\/h2>\t\t\t\t<\/div>\n\t\t\t\t<\/div>\n\t\t\t\t<div class=\"elementor-element elementor-element-c4f1e56 elementor-widget elementor-widget-text-editor\" data-id=\"c4f1e56\" data-element_type=\"widget\" data-e-type=\"widget\" data-widget_type=\"text-editor.default\">\n\t\t\t\t<div class=\"elementor-widget-container\">\n\t\t\t\t\t\t\t\t\t<p class=\"Normaltext\">Conservaremos los datos durante el tiempo que exija o permita la ley, o seg\u00fan sea necesario para prestar el servicio que usted haya solicitado, o seg\u00fan se establezca en un consentimiento pertinente, o hasta que se haya retirado un consentimiento en el que basamos el tratamiento.<\/p>\t\t\t\t\t\t\t\t<\/div>\n\t\t\t\t<\/div>\n\t\t\t\t<div class=\"elementor-element elementor-element-c5bd19d elementor-widget elementor-widget-heading\" data-id=\"c5bd19d\" data-element_type=\"widget\" data-e-type=\"widget\" data-widget_type=\"heading.default\">\n\t\t\t\t<div class=\"elementor-widget-container\">\n\t\t\t\t\t<h2 class=\"elementor-heading-title elementor-size-default\">6. Sus derechos<\/h2>\t\t\t\t<\/div>\n\t\t\t\t<\/div>\n\t\t\t\t\t<\/div>\n\t\t\t\t<\/div>\n\t\t<div class=\"elementor-element elementor-element-0926942 e-grid e-con-boxed e-con e-parent\" data-id=\"0926942\" data-element_type=\"container\" data-e-type=\"container\">\n\t\t\t\t\t<div class=\"e-con-inner\">\n\t\t\t\t<div class=\"elementor-element elementor-element-36667d0 elementor-widget elementor-widget-text-editor\" data-id=\"36667d0\" data-element_type=\"widget\" data-e-type=\"widget\" data-widget_type=\"text-editor.default\">\n\t\t\t\t<div class=\"elementor-widget-container\">\n\t\t\t\t\t\t\t\t\t<p class=\"Normaltext\">Usted tiene varios derechos en virtud del GDPR en relaci\u00f3n con el tratamiento de sus datos personales:<\/p>\n<ul>\n<li class=\"Normaltext\">Informaci\u00f3n sobre los datos almacenados (Art. 15 GDPR);<\/li>\n<li class=\"Normaltext\">Rectificaci\u00f3n de datos inexactos (Art. 16 GDPR);<\/li>\n<li class=\"Normaltext\">Supresi\u00f3n de datos (en las condiciones del Art. 17 GDPR);<\/li>\n<li class=\"Normaltext\">Restricci\u00f3n del tratamiento (Art. 18 GDPR);<\/li>\n<li class=\"Normaltext\">Portabilidad de datos de conformidad con el art\u00edculo 20 del GDPR; y<\/li>\n<li class=\"Normaltext\">Objeci\u00f3n al tratamiento en la medida en que se lleve a cabo por motivos de intereses leg\u00edtimos (Art. 21 GDPR).<\/li>\n<\/ul>\n<p class=\"Normaltext\">Puede ejercer sus derechos utilizando la informaci\u00f3n de contacto proporcionada anteriormente. Tambi\u00e9n tiene derecho a presentar una reclamaci\u00f3n sobre el tratamiento de sus datos ante la autoridad de control competente en materia de protecci\u00f3n de datos.&nbsp;<\/p>\t\t\t\t\t\t\t\t<\/div>\n\t\t\t\t<\/div>\n\t\t\t\t\t<\/div>\n\t\t\t\t<\/div>\n\t\t<div class=\"elementor-element elementor-element-750a61d e-con-full e-flex e-con e-parent\" data-id=\"750a61d\" data-element_type=\"container\" data-e-type=\"container\">\n\t\t\t\t<\/div>\n\t\t\t\t<\/div>","protected":false},"excerpt":{"rendered":"<p>Pol\u00edtica de Privacidade 1. Respons\u00e1vel A p\u00e1gina \u00e9 fornecida pela Fair Recruiting, L\u00f6rrach\u00a0(doravante referida como &#8220;Fair Recruiting&#8221; ou &#8220;n\u00f3s&#8221;). Somos um controlador na acep\u00e7\u00e3o do Regulamento Geral de Prote\u00e7\u00e3o de Dados da UE (RGPD). Nosso respons\u00e1vel pela prote\u00e7\u00e3o de dados, Sr. Finke, pode ser contactado pelo endere\u00e7o acima com a inscri\u00e7\u00e3o &#8220;aos cuidados do encarregado [&hellip;]<\/p>\n","protected":false},"author":1,"featured_media":0,"parent":0,"menu_order":0,"comment_status":"closed","ping_status":"closed","template":"elementor_header_footer","meta":{"site-sidebar-layout":"no-sidebar","site-content-layout":"","ast-site-content-layout":"full-width-container","site-content-style":"default","site-sidebar-style":"default","ast-global-header-display":"","ast-banner-title-visibility":"","ast-main-header-display":"","ast-hfb-above-header-display":"","ast-hfb-below-header-display":"","ast-hfb-mobile-header-display":"","site-post-title":"disabled","ast-breadcrumbs-content":"","ast-featured-img":"disabled","footer-sml-layout":"","theme-transparent-header-meta":"","adv-header-id-meta":"","stick-header-meta":"","header-above-stick-meta":"","header-main-stick-meta":"","header-below-stick-meta":"","astra-migrate-meta-layouts":"default","ast-page-background-enabled":"default","ast-page-background-meta":{"desktop":{"background-color":"var(--ast-global-color-4)","background-image":"","background-repeat":"repeat","background-position":"center center","background-size":"auto","background-attachment":"scroll","background-type":"","background-media":"","overlay-type":"","overlay-color":"","overlay-opacity":"","overlay-gradient":""},"tablet":{"background-color":"","background-image":"","background-repeat":"repeat","background-position":"center center","background-size":"auto","background-attachment":"scroll","background-type":"","background-media":"","overlay-type":"","overlay-color":"","overlay-opacity":"","overlay-gradient":""},"mobile":{"background-color":"","background-image":"","background-repeat":"repeat","background-position":"center center","background-size":"auto","background-attachment":"scroll","background-type":"","background-media":"","overlay-type":"","overlay-color":"","overlay-opacity":"","overlay-gradient":""}},"ast-content-background-meta":{"desktop":{"background-color":"var(--ast-global-color-5)","background-image":"","background-repeat":"repeat","background-position":"center center","background-size":"auto","background-attachment":"scroll","background-type":"","background-media":"","overlay-type":"","overlay-color":"","overlay-opacity":"","overlay-gradient":""},"tablet":{"background-color":"var(--ast-global-color-5)","background-image":"","background-repeat":"repeat","background-position":"center center","background-size":"auto","background-attachment":"scroll","background-type":"","background-media":"","overlay-type":"","overlay-color":"","overlay-opacity":"","overlay-gradient":""},"mobile":{"background-color":"var(--ast-global-color-5)","background-image":"","background-repeat":"repeat","background-position":"center center","background-size":"auto","background-attachment":"scroll","background-type":"","background-media":"","overlay-type":"","overlay-color":"","overlay-opacity":"","overlay-gradient":""}},"_joinchat":[],"footnotes":""},"class_list":["post-1198","page","type-page","status-publish","hentry"],"_links":{"self":[{"href":"https:\/\/www.fair-recruiting.com\/es\/wp-json\/wp\/v2\/pages\/1198","targetHints":{"allow":["GET"]}}],"collection":[{"href":"https:\/\/www.fair-recruiting.com\/es\/wp-json\/wp\/v2\/pages"}],"about":[{"href":"https:\/\/www.fair-recruiting.com\/es\/wp-json\/wp\/v2\/types\/page"}],"author":[{"embeddable":true,"href":"https:\/\/www.fair-recruiting.com\/es\/wp-json\/wp\/v2\/users\/1"}],"replies":[{"embeddable":true,"href":"https:\/\/www.fair-recruiting.com\/es\/wp-json\/wp\/v2\/comments?post=1198"}],"version-history":[{"count":28,"href":"https:\/\/www.fair-recruiting.com\/es\/wp-json\/wp\/v2\/pages\/1198\/revisions"}],"predecessor-version":[{"id":1368,"href":"https:\/\/www.fair-recruiting.com\/es\/wp-json\/wp\/v2\/pages\/1198\/revisions\/1368"}],"wp:attachment":[{"href":"https:\/\/www.fair-recruiting.com\/es\/wp-json\/wp\/v2\/media?parent=1198"}],"curies":[{"name":"wp","href":"https:\/\/api.w.org\/{rel}","templated":true}]}}